{"id":1181,"date":"2015-01-16T10:08:08","date_gmt":"2015-01-16T09:08:08","guid":{"rendered":"http:\/\/www.notariosyregistradores.com\/web\/?page_id=1181"},"modified":"2025-12-03T21:38:06","modified_gmt":"2025-12-03T20:38:06","slug":"demandas-de-empleo","status":"publish","type":"page","link":"https:\/\/www.notariosyregistradores.com\/web\/demandas-de-empleo\/","title":{"rendered":"Demandas de Empleo"},"content":{"rendered":"<address>\n<h2>\u00a0<\/h2>\n<\/address>\n<address>\n<table class=\" aligncenter\" cellpadding=\"2\">\n<tbody>\n<tr>\n<td style=\"width: 450px; height: 300px; border-color: #321dd1; text-align: center; vertical-align: middle;\">\n<address><span style=\"color: #ff0000; font-size: 12pt;\"><strong>SI USTED BUSCA EMPLEO EN NOTAR\u00cdAS Y\/O <\/strong><\/span><\/address>\n<address><span style=\"color: #ff0000; font-size: 12pt;\"><strong>REGISTROS, O ACTIVIDADES CONEXAS, <\/strong><\/span><\/address>\n<address><span style=\"color: #ff0000; font-size: 12pt;\"><strong>PUEDE ANUNCIARSE AQU\u00cd GRATUITAMENTE.\u00a0<\/strong><\/span><\/address>\n<p><span style=\"color: #ff0000; font-size: 12pt;\"><strong><em>\u00bfC\u00f3mo? <\/em><\/strong><span style=\"color: #000000;\">Es muy sencillo:\u00a0<\/span><\/span><\/td>\n<td style=\"width: 420px; height: 300px;\">\n<address>\u00a0<\/address>\n<p><img loading=\"lazy\" decoding=\"async\" class=\" size-medium wp-image-1467 alignright\" src=\"https:\/\/www.notariosyregistradores.com\/web\/wp-content\/uploads\/2015\/01\/demanda-empleo-300x212.jpg\" alt=\"demanda-empleo\" width=\"400\" height=\"283\" srcset=\"https:\/\/www.notariosyregistradores.com\/web\/wp-content\/uploads\/2015\/01\/demanda-empleo-300x212.jpg 300w, https:\/\/www.notariosyregistradores.com\/web\/wp-content\/uploads\/2015\/01\/demanda-empleo-500x353.jpg 500w, https:\/\/www.notariosyregistradores.com\/web\/wp-content\/uploads\/2015\/01\/demanda-empleo.jpg 640w\" sizes=\"auto, (max-width: 400px) 100vw, 400px\" \/><\/td>\n<\/tr>\n<\/tbody>\n<\/table>\n<\/address>\n<ol>\n<li><span style=\"font-size: 12pt;\"><a href=\"https:\/\/www.notariosyregistradores.com\/web\/register\/\" target=\"_blank\" rel=\"noopener noreferrer\">Reg\u00edstrese<\/a>\u00a0o <strong>inicie sesi\u00f3n<\/strong> (si ya est\u00e1 registrado). Y, si ya est\u00e1 dentro, todav\u00eda m\u00e1s sencillo, vaya al paso 2.<\/span><\/li>\n<li><span style=\"font-size: 12pt;\">A\u00f1ada un <strong>comentario<\/strong> desde el final de esta p\u00e1gina con la petici\u00f3n de empleo que desee publicar. Se ruega moderar la extensi\u00f3n.<\/span><\/li>\n<li><span style=\"font-size: 12pt;\">Marque la casilla\u00a0<strong>\u00abNo soy un robot\u00bb<\/strong>, situada encima de la caja donde incluy\u00f3 el comentario.<\/span><\/li>\n<li><span style=\"font-size: 12pt;\">Pinche <strong>Publicar comentario<\/strong> (debajo del cuadro).<\/span><\/li>\n<li><span style=\"font-size: 12pt;\">Uno de los moderadores lo <strong>revisar\u00e1<\/strong> y proceder\u00e1 a su publicaci\u00f3n, normalmente dentro del mismo d\u00eda.<\/span><\/li>\n<\/ol>\n<p style=\"text-align: justify;\"><span style=\"font-size: 12pt;\">Los anuncios aparecen tras estas l\u00edneas en\u00a0\u00abNuestros Lectores Opinan\u00bb. Los \u00faltimos, arriba.<\/span> Si desea trabajar en una zona concreta de Espa\u00f1a, conviene que el anuncio comience nombr\u00e1ndola. (v.gr.: \u00abAlicante y provincia. Oficial de Notar\u00edas&#8230;\u00bb, sino, poner Toda Espa\u00f1a Se ruega no envIar de nuevo la demanda de empleo hasta que transcurra <strong><span style=\"font-size: 14pt;\">UN MES, <\/span><\/strong>para evitar que haya disputa con el fin de obtener las primeras posiciones que siempre ser\u00e1n cronol\u00f3gicas. Por favor, <strong>NO\u00a0<\/strong>poner todo el texto en <strong>MAY\u00daSCULA<\/strong>. Y no olvide de incluir el <strong>medio que prefiere para contactar<\/strong> (email \u00f3 tel\u00e9fono), pues ha de tener en cuenta que no aparece el correo con el que se registr\u00f3.<\/p>\n<p style=\"text-align: center;\"><strong><span style=\"font-size: 14pt;\"><a href=\"https:\/\/www.notariosyregistradores.com\/web\/ofertas-de-empleo\/\">Ir a OFERTAS DE EMPLEO<\/a><\/span><\/strong><\/p>\n<p style=\"text-align: center;\"><a href=\"https:\/\/www.notariosyregistradores.com\/web\/sc\/bazar\/\"><span style=\"font-size: 14pt;\"><strong>BAZAR<\/strong><\/span><\/a><\/p>\n<p><script type=\"text\/javascript\">\/\/ <![CDATA[\ngoogle_ad_client = \"ca-pub-1695125473100002\";\n    google_ad_slot = \"3861034770\";\n    google_ad_width = 234;\n    google_ad_height = 60;\n\/\/ ]]><\/script><\/p>\n<p><!-- SUPERIOR DERECHA --><\/p>\n<p><script src=\"\/\/pagead2.googlesyndication.com\/pagead\/show_ads.js\" type=\"text\/javascript\">\/\/ <![CDATA[\n\n\/\/ ]]><\/script><\/p>\n<p><script async src=\"https:\/\/pagead2.googlesyndication.com\/pagead\/js\/adsbygoogle.js?client=ca-pub-1695125473100002\"\n     crossorigin=\"anonymous\"><\/script> <ins class=\"adsbygoogle\" style=\"display: block;\" data-ad-format=\"autorelaxed\" data-ad-client=\"ca-pub-1695125473100002\" data-ad-slot=\"7241482885\"><\/ins> <script>\n     (adsbygoogle = window.adsbygoogle || []).push({});\n<\/script><\/p>\n","protected":false},"excerpt":{"rendered":"<p>\u00a0 SI USTED BUSCA EMPLEO EN NOTAR\u00cdAS Y\/O REGISTROS, O ACTIVIDADES CONEXAS, PUEDE ANUNCIARSE AQU\u00cd GRATUITAMENTE.\u00a0 \u00bfC\u00f3mo? Es muy sencillo:\u00a0 \u00a0 Reg\u00edstrese\u00a0o inicie sesi\u00f3n (si ya est\u00e1 registrado). Y, si ya est\u00e1 dentro, todav\u00eda m\u00e1s sencillo, vaya al paso 2. A\u00f1ada un comentario desde el final de esta p\u00e1gina con la petici\u00f3n de empleo que [&hellip;]<\/p>\n","protected":false},"author":10,"featured_media":0,"parent":0,"menu_order":0,"comment_status":"open","ping_status":"closed","template":"page-templates\/full-width.php","meta":{"_bbp_topic_count":0,"_bbp_reply_count":0,"_bbp_total_topic_count":0,"_bbp_total_reply_count":0,"_bbp_voice_count":0,"_bbp_anonymous_reply_count":0,"_bbp_topic_count_hidden":0,"_bbp_reply_count_hidden":0,"_bbp_forum_subforum_count":0,"footnotes":""},"class_list":["post-1181","page","type-page","status-publish"],"_links":{"self":[{"href":"https:\/\/www.notariosyregistradores.com\/web\/wp-json\/wp\/v2\/pages\/1181","targetHints":{"allow":["GET"]}}],"collection":[{"href":"https:\/\/www.notariosyregistradores.com\/web\/wp-json\/wp\/v2\/pages"}],"about":[{"href":"https:\/\/www.notariosyregistradores.com\/web\/wp-json\/wp\/v2\/types\/page"}],"author":[{"embeddable":true,"href":"https:\/\/www.notariosyregistradores.com\/web\/wp-json\/wp\/v2\/users\/10"}],"replies":[{"embeddable":true,"href":"https:\/\/www.notariosyregistradores.com\/web\/wp-json\/wp\/v2\/comments?post=1181"}],"version-history":[{"count":8,"href":"https:\/\/www.notariosyregistradores.com\/web\/wp-json\/wp\/v2\/pages\/1181\/revisions"}],"predecessor-version":[{"id":132810,"href":"https:\/\/www.notariosyregistradores.com\/web\/wp-json\/wp\/v2\/pages\/1181\/revisions\/132810"}],"wp:attachment":[{"href":"https:\/\/www.notariosyregistradores.com\/web\/wp-json\/wp\/v2\/media?parent=1181"}],"curies":[{"name":"wp","href":"https:\/\/api.w.org\/{rel}","templated":true}]}}