{"id":1184,"date":"2015-01-16T10:13:27","date_gmt":"2015-01-16T09:13:27","guid":{"rendered":"http:\/\/www.notariosyregistradores.com\/web\/?page_id=1184"},"modified":"2026-01-03T14:08:00","modified_gmt":"2026-01-03T13:08:00","slug":"ofertas-de-empleo","status":"publish","type":"page","link":"https:\/\/www.notariosyregistradores.com\/web\/ofertas-de-empleo\/","title":{"rendered":"Ofertas de Empleo"},"content":{"rendered":"<address>\n<h2 style=\"text-align: justify;\">\u00a0<\/h2>\n<table class=\" aligncenter\" cellpadding=\"2\">\n<tbody>\n<tr>\n<td style=\"width: 450px; height: 300px; border-color: #321dd1; text-align: center; vertical-align: middle;\">\n<address><span style=\"color: #ff0000; font-size: 12pt;\"><strong>SI USTED ES NOTARIO\/A, REGISTRADOR\/A O PROFESIONAL RELACIONADO, PUEDE OFRECER UN PUESTO DE TRABAJO DESDE ESTA P\u00c1GINA<\/strong><\/span><strong>.\u00a0<\/strong><\/address>\n<p><span style=\"color: #ff0000; font-size: 12pt;\"><strong><em>\u00bfC\u00f3mo? <\/em><\/strong><span style=\"color: #000000;\">Es muy sencillo:\u00a0<\/span><\/span><\/td>\n<td style=\"width: 420px; height: 300px;\">\n<address>\u00a0<\/address>\n<p><a href=\"https:\/\/www.notariosyregistradores.com\/web\/wp-content\/uploads\/2015\/01\/ofertas-de-empleo1.jpg\"><img loading=\"lazy\" decoding=\"async\" class=\" size-full wp-image-1469 aligncenter\" src=\"https:\/\/www.notariosyregistradores.com\/web\/wp-content\/uploads\/2015\/01\/ofertas-de-empleo1.jpg\" alt=\"ofertas-de-empleo\" width=\"251\" height=\"207\" \/><\/a><\/td>\n<\/tr>\n<\/tbody>\n<\/table>\n<p><strong>PRIMERA POSIBILIDAD (recomendada)<\/strong><\/p>\n<ul style=\"text-align: justify;\">\n<li><a href=\"https:\/\/www.notariosyregistradores.com\/web\/register\/\" target=\"_blank\" rel=\"noopener noreferrer\">Reg\u00edstrese<\/a>\u00a0o <strong>inicie sesi\u00f3n<\/strong> (si ya est\u00e1 registrado). Y, si ya est\u00e1 dentro, todav\u00eda m\u00e1s sencillo, vaya al paso 2.<\/li>\n<li>A\u00f1ada un <strong>comentario<\/strong> desde el final de esta p\u00e1gina con la oferta de\u00a0empleo que desee publicar.<\/li>\n<li>Marque la casilla <strong>\u00abNo soy un robot\u00bb<\/strong>, situada encima de la caja donde incluy\u00f3 el comentario.<\/li>\n<li>Pinche <strong>Publicar comentario<\/strong> (debajo del cuadro).<\/li>\n<li>Uno de los moderadores lo <strong>revisar\u00e1<\/strong> y proceder\u00e1 a su publicaci\u00f3n, normalmente dentro del mismo d\u00eda.<\/li>\n<\/ul>\n<p><strong>SEGUNDA OPCI\u00d3N (m\u00e1s lenta):<\/strong> Env\u00ede un correo electr\u00f3nico,\u00a0<a href=\"mailto:notyreg@notariosyregistradores.com?subject=Oferta de empleo.\">pinchando aqu\u00ed<\/a><\/address>\n<address><span style=\"font-size: 12pt;\">Los <strong>anuncios aparecen tras estas l\u00edneas<\/strong> en\u00a0\u00abNuestros Lectores Opinan\u00bb. Los \u00faltimos, arriba.<\/span><\/address>\n<address><span style=\"font-size: 12pt;\"><strong><span style=\"font-size: 12pt;\">Ofertas publicadas:<\/span><span style=\"font-size: 14pt;\"><span style=\"font-size: 14pt;\"><a href=\"https:\/\/www.notariosyregistradores.com\/web\/participa\/noticias\/ofertas-de-empleo-2025\/\"> 743 en 2025<\/a>,<\/span><span style=\"font-size: 12pt;\"> \u00a0<a href=\"https:\/\/www.notariosyregistradores.com\/web\/participa\/noticias\/incremento-de-ofertas-de-empleo-durante-2024\/\">513 en 2024<\/a><\/span><span style=\"font-size: 14pt;\">, <\/span><span style=\"font-size: 12pt;\">395 en 2023<\/span><span style=\"font-size: 12pt;\">,<\/span><\/span><span style=\"font-size: 12pt;\">\u00a0\u00a0<\/span><span style=\"font-size: 14pt;\"><span style=\"font-size: 12pt;\">436 en 2022.\u00a0<\/span> <span style=\"font-size: 12pt;\">483 en 2021.<\/span><\/span><span style=\"font-size: 12pt;\">\u00a0 \u00a0235 en 2020.\u00a0 267 en 2019<\/span><\/strong><strong style=\"font-size: 12pt;\">.<\/strong><\/span><\/address>\n<p style=\"text-align: justify;\">Todos los usuarios que accedan a esta secci\u00f3n ver\u00e1n su oferta de empleo, por lo que no debe olvidar a\u00f1adir la forma de contacto (<strong>tel\u00e9fono \u00f3 correo electr\u00f3nico<\/strong>) para que los posibles candidatos env\u00eden sus curr\u00edculum. Las personas que est\u00e9n interesadas en alguna oferta <strong>deben dirigirse<\/strong> <strong>directamente al oferente<\/strong> a trav\u00e9s de tel\u00e9fono o correo. S\u00f3lo resulta adecuado responder a la oferta a trav\u00e9s de esta p\u00e1gina si se precisa alguna <strong>aclaraci\u00f3n de inter\u00e9s general<\/strong>.<\/p>\n<p style=\"text-align: justify;\"><strong>No<\/strong>\u00a0poner todo el texto en <strong>MAY\u00daSCULA<\/strong>.<\/p>\n<p style=\"text-align: justify;\">No se publicar\u00e1 un mensaje de contenido similar a otro ya publicado si no ha pasado <strong>UN MES<\/strong>\u00a0desde el anterior.<\/p>\n<p style=\"text-align: justify;\"><strong>Cuando se haya cubierto la plaza<\/strong>, podr\u00e1 hacerse constar. No desaparecer\u00e1 totalmente el anuncio (para no romper la serie y la riqueza de destinos), pero s\u00ed la forma de contactar.<\/p>\n<p><strong>ESTA P\u00c1GINA NO SE DIRIGE A INTERMEDIARIOS. <\/strong><\/p>\n<p><strong>TAMPOCO PROCEDE QUE SE DEN CIFRAS ECON\u00d3MICAS.<\/strong><\/p>\n<p><strong>LOS INTERESADOS RESPONDER\u00c1N EXCLUSIVAMENTE AL CORREO O TEL\u00c9FONO QUE INDIQUE EL ANUNCIANTE. NO SE PUBLICAR\u00c1N RESPUESTAS EN LA WEB.<\/strong><\/p>\n<p style=\"text-align: center;\"><span style=\"font-size: 14pt;\"><strong><a href=\"https:\/\/www.notariosyregistradores.com\/web\/demandas-de-empleo\/\">Ir a DEMANDAS DE EMPLEO<\/a><\/strong><\/span><\/p>\n<p><!-- SUPERIOR DERECHA --><\/p>\n<p><script async src=\"https:\/\/pagead2.googlesyndication.com\/pagead\/js\/adsbygoogle.js?client=ca-pub-1695125473100002\"\n     crossorigin=\"anonymous\"><\/script> <ins class=\"adsbygoogle\" style=\"display: block;\" data-ad-format=\"autorelaxed\" data-ad-client=\"ca-pub-1695125473100002\" data-ad-slot=\"7241482885\"><\/ins><\/p>\n","protected":false},"excerpt":{"rendered":"<p>\u00a0 SI USTED ES NOTARIO\/A, REGISTRADOR\/A O PROFESIONAL RELACIONADO, PUEDE OFRECER UN PUESTO DE TRABAJO DESDE ESTA P\u00c1GINA.\u00a0 \u00bfC\u00f3mo? Es muy sencillo:\u00a0 \u00a0 PRIMERA POSIBILIDAD (recomendada) Reg\u00edstrese\u00a0o inicie sesi\u00f3n (si ya est\u00e1 registrado). Y, si ya est\u00e1 dentro, todav\u00eda m\u00e1s sencillo, vaya al paso 2. A\u00f1ada un comentario desde el final de esta p\u00e1gina con [&hellip;]<\/p>\n","protected":false},"author":10,"featured_media":0,"parent":0,"menu_order":0,"comment_status":"open","ping_status":"closed","template":"page-templates\/full-width.php","meta":{"_bbp_topic_count":0,"_bbp_reply_count":0,"_bbp_total_topic_count":0,"_bbp_total_reply_count":0,"_bbp_voice_count":0,"_bbp_anonymous_reply_count":0,"_bbp_topic_count_hidden":0,"_bbp_reply_count_hidden":0,"_bbp_forum_subforum_count":0,"footnotes":""},"class_list":["post-1184","page","type-page","status-publish"],"_links":{"self":[{"href":"https:\/\/www.notariosyregistradores.com\/web\/wp-json\/wp\/v2\/pages\/1184","targetHints":{"allow":["GET"]}}],"collection":[{"href":"https:\/\/www.notariosyregistradores.com\/web\/wp-json\/wp\/v2\/pages"}],"about":[{"href":"https:\/\/www.notariosyregistradores.com\/web\/wp-json\/wp\/v2\/types\/page"}],"author":[{"embeddable":true,"href":"https:\/\/www.notariosyregistradores.com\/web\/wp-json\/wp\/v2\/users\/10"}],"replies":[{"embeddable":true,"href":"https:\/\/www.notariosyregistradores.com\/web\/wp-json\/wp\/v2\/comments?post=1184"}],"version-history":[{"count":12,"href":"https:\/\/www.notariosyregistradores.com\/web\/wp-json\/wp\/v2\/pages\/1184\/revisions"}],"predecessor-version":[{"id":133596,"href":"https:\/\/www.notariosyregistradores.com\/web\/wp-json\/wp\/v2\/pages\/1184\/revisions\/133596"}],"wp:attachment":[{"href":"https:\/\/www.notariosyregistradores.com\/web\/wp-json\/wp\/v2\/media?parent=1184"}],"curies":[{"name":"wp","href":"https:\/\/api.w.org\/{rel}","templated":true}]}}