{"id":1187,"date":"2015-01-16T10:21:39","date_gmt":"2015-01-16T09:21:39","guid":{"rendered":"http:\/\/www.notariosyregistradores.com\/web\/?page_id=1187"},"modified":"2023-11-12T18:36:50","modified_gmt":"2023-11-12T17:36:50","slug":"canal-de-video","status":"publish","type":"page","link":"https:\/\/www.notariosyregistradores.com\/web\/canal-de-video\/","title":{"rendered":"Canal de Video"},"content":{"rendered":"<h1 style=\"text-align: center;\"><span style=\"font-size: 36pt; color: #3366ff;\"><strong>CANALES DE V\u00cdDEO<\/strong><\/span><\/h1>\n<p>&nbsp;<\/p>\n<p><span style=\"font-size: 12pt; color: #000000;\">Tenemos un canal de video en Youtube que se llama:\u00a0<\/span><\/p>\n<h2 style=\"text-align: center;\"><span style=\"font-size: 18pt; color: #0000ff;\">Notarios y Registradores<\/span><\/h2>\n<p style=\"text-align: center;\"><span style=\"font-size: 12pt;\">Es accesible<\/span><a href=\"https:\/\/www.youtube.com\/channel\/UCjxg6TF7RblyUxf8S16iluA\" target=\"_blank\" rel=\"nofollow noopener noreferrer\"><span style=\"font-size: 14pt;\"><strong> PINCHANDO EN ESTE ENLACE<\/strong><\/span><\/a>.<\/p>\n<p><iframe loading=\"lazy\" title=\"Premio Joaquin Zejalbo Jose Antonio Riera parte final\" width=\"500\" height=\"281\" src=\"https:\/\/www.youtube.com\/embed\/3CHfSfwo6ws?feature=oembed\" frameborder=\"0\" allow=\"accelerometer; autoplay; clipboard-write; encrypted-media; gyroscope; picture-in-picture; web-share\" referrerpolicy=\"strict-origin-when-cross-origin\" allowfullscreen><\/iframe><\/p>\n<p>&nbsp;<\/p>\n<p style=\"text-align: left;\"><span style=\"font-size: 12pt;\">Tambi\u00e9n siguen funcionando otros dos canales con v\u00eddeos de hace unos a\u00f1os:<\/span><\/p>\n<p><span style=\"font-size: 12pt;\">El primero se dedica a <strong>v\u00eddeos formales<\/strong> (conferencias, noticias, inauguraciones&#8230;.).<\/span><\/p>\n<p style=\"text-align: center;\"><iframe loading=\"lazy\" src=\"\/\/www.youtube.com\/embed\/videoseries?list=PL511483BB78436089\" width=\"560\" height=\"315\" frameborder=\"0\" allowfullscreen=\"allowfullscreen\"><\/iframe><\/p>\n<p style=\"text-align: center;\"><span style=\"font-size: 12pt;\">Es accesible tambi\u00e9n desde aqu\u00ed <a href=\"https:\/\/www.youtube.com\/playlist?list=PL511483BB78436089\" target=\"_blank\" rel=\"noopener\">(env\u00eda a YOUTUBE)<\/a>.<\/span><\/p>\n<p style=\"text-align: center;\">\u00a0&#8212;<\/p>\n<p><span style=\"font-size: 12pt;\">El segundo es para <strong>v\u00eddeos informales<\/strong> o de esparcimiento (humor, canciones, paisajes&#8230;)<\/span><\/p>\n<p style=\"text-align: center;\"><iframe loading=\"lazy\" src=\"\/\/www.youtube.com\/embed\/videoseries?list=PLD80F8840D5B2F58B\" width=\"560\" height=\"315\" frameborder=\"0\" allowfullscreen=\"allowfullscreen\"><\/iframe><\/p>\n<p style=\"text-align: center;\"><span style=\"font-size: 12pt;\">Es accesible tambi\u00e9n desde aqu\u00ed <a href=\"https:\/\/www.youtube.com\/playlist?list=PLD80F8840D5B2F58B\" target=\"_blank\" rel=\"noopener\">(env\u00eda a YOUTUBE)<\/a>.<\/span><\/p>\n<p><span style=\"font-size: 12pt;\">\u00a0En las pantallas, uno de los botones de abajo a la derecha te permite acceder a la <strong>lista de reproducci\u00f3n<\/strong> desde la que podr\u00e1s escoger el v\u00eddeo que desees.<\/span><\/p>\n<p>&nbsp;<\/p>\n<h2 style=\"text-align: center;\">\u00a0<\/h2>\n","protected":false},"excerpt":{"rendered":"<p>CANALES DE V\u00cdDEO &nbsp; Tenemos un canal de video en Youtube que se llama:\u00a0 Notarios y Registradores Es accesible PINCHANDO EN ESTE ENLACE. &nbsp; Tambi\u00e9n siguen funcionando otros dos canales con v\u00eddeos de hace unos a\u00f1os: El primero se dedica a v\u00eddeos formales (conferencias, noticias, inauguraciones&#8230;.). Es accesible tambi\u00e9n desde aqu\u00ed (env\u00eda a YOUTUBE). \u00a0&#8212; [&hellip;]<\/p>\n","protected":false},"author":10,"featured_media":0,"parent":0,"menu_order":0,"comment_status":"closed","ping_status":"closed","template":"page-templates\/full-width.php","meta":{"_bbp_topic_count":0,"_bbp_reply_count":0,"_bbp_total_topic_count":0,"_bbp_total_reply_count":0,"_bbp_voice_count":0,"_bbp_anonymous_reply_count":0,"_bbp_topic_count_hidden":0,"_bbp_reply_count_hidden":0,"_bbp_forum_subforum_count":0,"footnotes":""},"class_list":["post-1187","page","type-page","status-publish"],"_links":{"self":[{"href":"https:\/\/www.notariosyregistradores.com\/web\/wp-json\/wp\/v2\/pages\/1187","targetHints":{"allow":["GET"]}}],"collection":[{"href":"https:\/\/www.notariosyregistradores.com\/web\/wp-json\/wp\/v2\/pages"}],"about":[{"href":"https:\/\/www.notariosyregistradores.com\/web\/wp-json\/wp\/v2\/types\/page"}],"author":[{"embeddable":true,"href":"https:\/\/www.notariosyregistradores.com\/web\/wp-json\/wp\/v2\/users\/10"}],"replies":[{"embeddable":true,"href":"https:\/\/www.notariosyregistradores.com\/web\/wp-json\/wp\/v2\/comments?post=1187"}],"version-history":[{"count":6,"href":"https:\/\/www.notariosyregistradores.com\/web\/wp-json\/wp\/v2\/pages\/1187\/revisions"}],"predecessor-version":[{"id":110865,"href":"https:\/\/www.notariosyregistradores.com\/web\/wp-json\/wp\/v2\/pages\/1187\/revisions\/110865"}],"wp:attachment":[{"href":"https:\/\/www.notariosyregistradores.com\/web\/wp-json\/wp\/v2\/media?parent=1187"}],"curies":[{"name":"wp","href":"https:\/\/api.w.org\/{rel}","templated":true}]}}