{"id":1198,"date":"2015-01-16T11:32:08","date_gmt":"2015-01-16T10:32:08","guid":{"rendered":"http:\/\/www.notariosyregistradores.com\/web\/?page_id=1198"},"modified":"2018-02-15T00:11:26","modified_gmt":"2018-02-14T23:11:26","slug":"1198-2","status":"publish","type":"page","link":"https:\/\/www.notariosyregistradores.com\/web\/1198-2\/","title":{"rendered":"Utiliza NyR como p\u00e1gina de Inicio para que aparezca cuando abras Internet"},"content":{"rendered":"<h1>\u00a0\u00a0<\/h1>\n<h1 style=\"text-align: center;\"><span style=\"font-size: 36pt; color: #00ccff;\"><strong><span style=\"color: #3366ff;\"><span style=\"font-size: 36pt;\">Utiliza NyR como p\u00e1gina de Inicio para que aparezca cuando abras Internet<\/span><br \/>\n <\/span><\/strong><\/span><\/h1>\n<h2 style=\"text-align: justify;\">\u00a0<\/h2>\n<h2 style=\"text-align: justify;\"><span style=\"font-size: 18pt;\"><strong>Google Chrome<\/strong><\/span><img loading=\"lazy\" decoding=\"async\" class=\"orig\" src=\"http:\/\/media.uccdn.com\/images\/0\/6\/7\/img_1760_ins_3626060_orig.jpg\" alt=\"\" width=\"198\" height=\"180\" \/><\/h2>\n<p style=\"text-align: justify;\">En la barra del navegador, cliquea sobre el icono que muestra <strong>tres puntos verticales\u00a0<\/strong>(si tu ordenador es un MAC, desde la opci\u00f3n de Chrome de tu barra de herramientas &#8211; \u00abpreferencias\u00bb).<\/p>\n<p style=\"text-align: justify;\">Una vez hecho esto, selecciona \u00ab<strong>Configuraci\u00f3n<\/strong>\u00bb o \u00abpreferencias\u00bb.<\/p>\n<p>Ve al apartado \u00ab<strong>Al abrir el navegador&#8230;<\/strong>\u00ab<\/p>\n<p>Ve a \u00ab<strong>Abrir una p\u00e1gina espec\u00edfica o un conjunto de p\u00e1ginas<\/strong>\u00bb y observar\u00e1s que hay<strong> tres puntos verticales a la derecha<\/strong>. Pincha en ellos y luego en <strong>Editar\u00a0<\/strong><\/p>\n<p>Debajo de donde pone <strong>Url del sitio<\/strong>, copia y pega nuestra direcci\u00f3n:<\/p>\n<p><strong>https:\/\/www.notariosyregistradores.com<\/strong><\/p>\n<p>Pincha en <strong>Guardar<\/strong><\/p>\n<p style=\"text-align: justify;\">\u00a0<\/p>\n<h2 style=\"text-align: justify;\"><span style=\"font-size: 18pt;\"><strong>Internet Explorer<\/strong><\/span><\/h2>\n<p style=\"text-align: justify;\"><img loading=\"lazy\" decoding=\"async\" class=\"aligncenter\" src=\"http:\/\/static.commentcamarche.net\/es.kioskea.net\/faq\/images\/0-biS3l3Td-inicio-s-.png\" alt=\"\" width=\"166\" height=\"226\" border=\"0\" \/><\/p>\n<p style=\"text-align: justify;\">Para cambiar la p\u00e1gina de inicio en Internet Explorer se deben cerrar todas las pesta\u00f1as, abrir el navegador y dirigirse a \u00abHerramientas\u00bb. All\u00ed seleccionaremos \u00abOpciones de Internet\u00bb y en la pesta\u00f1a \u00abGeneral\u00bb escribiremos la URL de la p\u00e1gina que queremos establecer. Despu\u00e9s de ello tan solo tendremos que clicar sobre el bot\u00f3n \u00abAplicar\u00bb y luego \u00abAceptar\u00bb y estar\u00e1 lista la nueva p\u00e1gina para cargarse cada vez que abramos el navegador.<\/p>\n<p style=\"text-align: justify;\">Otra opci\u00f3n ser\u00e1 acudir a este lugar desde la p\u00e1gina que queremos visitar, utilizando la opci\u00f3n \u00abUsar actual\u00bb para no tener que copiar o escribir manualmente la p\u00e1gina que se quiere configurar como p\u00e1gina de inicio.<\/p>\n<p>&nbsp;<\/p>\n<h2 style=\"text-align: justify;\"><span style=\"font-size: 18pt;\"><strong>Microsoft Edge<\/strong><\/span><\/h2>\n<p style=\"text-align: justify;\">En la barra del navegador, cliquea sobre el icono que muestra <strong>tres puntos horizontales a la derecha.\u00a0<\/strong><\/p>\n<p>Se abre un desplegable a la derecha. Ir a <strong>Configuraci\u00f3n.\u00a0<\/strong><\/p>\n<p>Alli, en <strong>Abrir Microsoft Edge con, <\/strong>pincha en <strong>Agregar nueva pesta\u00f1a<\/strong> y en en cajet\u00edn que aparece,\u00a0pega nuestra direcci\u00f3n:<\/p>\n<p><strong>https:\/\/www.notariosyregistradores.com<\/strong><\/p>\n<p>Si quieres, a continuaci\u00f3n, puedes borrar en el mismo sitio otras direcciones que pueden aparecer.\u00a0<\/p>\n<p>&nbsp;<\/p>\n<h2 style=\"text-align: justify;\"><span style=\"font-size: 18pt;\"><strong>Safari<\/strong><\/span><\/h2>\n<p style=\"text-align: justify;\"><span style=\"font-size: 1rem;\">Haz click en la opci\u00f3n \u00abSafari\u00bb y despu\u00e9s en la opci\u00f3n Preferencias de tu<\/span><strong style=\"font-size: 1rem;\"> navegador Safari. <\/strong><span style=\"font-size: 1rem;\">Selecciona el icono \u00abGeneral\u00bb Que hay en la parte superior de la ventana emergente, luego elimina la p\u00e1gina de inicia que hay por defecto en los navegadores Safari y introduce la que quieres poner y por \u00faltimo haz click en \u00abCambiar p\u00e1gina de incio\u00bb del pop up que aparece en navegador Safari.<\/span><\/p>\n<p style=\"text-align: justify;\">Otra opci\u00f3n ser\u00e1 acudir a este lugar desde la p\u00e1gina que queremos visitar, utilizando la opci\u00f3n \u00abUsar actual\u00bb para no tener que copiar o escribir manualmente la p\u00e1gina que se quiere configurar como p\u00e1gina de inicio.<\/p>\n<p style=\"text-align: justify;\">\u00a0<\/p>\n<h2 style=\"text-align: justify;\"><span style=\"font-size: 18pt;\"><strong>Mozilla Firefox<\/strong><\/span><\/h2>\n<p style=\"text-align: justify;\"><img loading=\"lazy\" decoding=\"async\" class=\"size-full wp-image-1201 aligncenter\" src=\"https:\/\/www.notariosyregistradores.com\/web\/wp-content\/uploads\/2015\/01\/Captura-de-pantalla-2015-01-16-a-las-11.29.24.png\" alt=\"Captura de pantalla 2015-01-16 a las 11.29.24\" width=\"211\" height=\"38\" \/> <img loading=\"lazy\" decoding=\"async\" class=\"size-full wp-image-1202 aligncenter\" src=\"https:\/\/www.notariosyregistradores.com\/web\/wp-content\/uploads\/2015\/01\/Captura-de-pantalla-2015-01-16-a-las-11.30.13.png\" alt=\"Captura de pantalla 2015-01-16 a las 11.30.13\" width=\"81\" height=\"44\" \/><\/p>\n<p style=\"text-align: justify;\">Firefox lo pone f\u00e1cil. En la parte derecha, despu\u00e9s de la barra de b\u00fasqueda, veremos un icono con una casa. Tan solo se trata de abrir la p\u00e1gina que queremos establecer como inicio y arrastrar el icono que aparece a la izquierda, justo antes de la URL, hasta este icono. Despu\u00e9s solo tendremos que clicar sobre \u00abS\u00ed\u00bb para confirmar y la nueva p\u00e1gina de inicio estar\u00e1 lista.<\/p>\n<p style=\"text-align: justify;\">Otra opci\u00f3n ser\u00e1 acudir a este lugar desde la p\u00e1gina que queremos visitar, utilizando la opci\u00f3n \u00abUsar actual\u00bb para no tener que copiar o escribir manualmente la p\u00e1gina que se quiere configurar como p\u00e1gina de inicio.<\/p>\n<p style=\"text-align: justify;\">\u00a0<\/p>\n<h2 style=\"text-align: justify;\"><span style=\"font-size: 18pt;\"><strong>Opera<\/strong><\/span><\/h2>\n<p style=\"text-align: justify;\"><img loading=\"lazy\" decoding=\"async\" class=\"wp-image-1199 aligncenter\" src=\"https:\/\/www.notariosyregistradores.com\/web\/wp-content\/uploads\/2015\/01\/Captura-de-pantalla-2015-01-16-a-las-11.23.10.png\" alt=\"Captura de pantalla 2015-01-16 a las 11.23.10\" width=\"176\" height=\"82\" \/><\/p>\n<p style=\"text-align: justify;\">\u00a0<\/p>\n<p style=\"text-align: justify;\"><img loading=\"lazy\" decoding=\"async\" class=\"wp-image-1200 aligncenter\" src=\"https:\/\/www.notariosyregistradores.com\/web\/wp-content\/uploads\/2015\/01\/Captura-de-pantalla-2015-01-16-a-las-11.25.09-300x208.png\" alt=\"Captura de pantalla 2015-01-16 a las 11.25.09\" width=\"150\" height=\"104\" srcset=\"https:\/\/www.notariosyregistradores.com\/web\/wp-content\/uploads\/2015\/01\/Captura-de-pantalla-2015-01-16-a-las-11.25.09-300x208.png 300w, https:\/\/www.notariosyregistradores.com\/web\/wp-content\/uploads\/2015\/01\/Captura-de-pantalla-2015-01-16-a-las-11.25.09-500x346.png 500w, https:\/\/www.notariosyregistradores.com\/web\/wp-content\/uploads\/2015\/01\/Captura-de-pantalla-2015-01-16-a-las-11.25.09.png 688w\" sizes=\"auto, (max-width: 150px) 100vw, 150px\" \/><\/p>\n<p style=\"text-align: justify;\">La p\u00e1gina de inicio de del navegador Opera la cambiaremos desde el men\u00fa \u00abConfiguraci\u00f3n\u00bb y seguidamente \u00abOpciones\u00bb o si estas en mac en la ventana en la opci\u00f3n Opera &#8211; \u00abopciones\u00bb. Una vez all\u00ed seleccionaremos la opci\u00f3n \u00abGeneral\u00bb.\u00a0 Buscamos la ccasilla de p\u00e1gina de inicio (esto es igual en todos los sistema soperativos) y\u00a0 rellenamos\u00a0 con la URL de la p\u00e1gina que se quiere a\u00f1adir como p\u00e1gina de inicio.<\/p>\n<p style=\"text-align: justify;\">Otra opci\u00f3n ser\u00e1 acudir a este lugar desde la p\u00e1gina que queremos visitar, utilizando la opci\u00f3n \u00abUsar actual\u00bb para no tener que copiar o escribir manualmente la p\u00e1gina que se quiere configurar como p\u00e1gina de inicio.<\/p>\n<p style=\"text-align: justify;\">\u00a0<\/p>\n<p>&nbsp;<\/p>\n<p><img loading=\"lazy\" decoding=\"async\" class=\"orig alignleft\" src=\"http:\/\/media.uccdn.com\/images\/2\/6\/7\/img_1762_ins_3626069_orig.jpg\" alt=\"\" width=\"140\" height=\"119\" \/><\/p>\n<p><img loading=\"lazy\" decoding=\"async\" class=\"thumb alignleft\" src=\"http:\/\/t1.uccdn.com\/images\/2\/6\/7\/img_1762_ins_3626071_200.jpg\" alt=\"\" width=\"132\" height=\"120\" \/><\/p>\n","protected":false},"excerpt":{"rendered":"<p>\u00a0\u00a0 Utiliza NyR como p\u00e1gina de Inicio para que aparezca cuando abras Internet \u00a0 Google Chrome En la barra del navegador, cliquea sobre el icono que muestra tres puntos verticales\u00a0(si tu ordenador es un MAC, desde la opci\u00f3n de Chrome de tu barra de herramientas &#8211; \u00abpreferencias\u00bb). Una vez hecho esto, selecciona \u00abConfiguraci\u00f3n\u00bb o \u00abpreferencias\u00bb. [&hellip;]<\/p>\n","protected":false},"author":10,"featured_media":0,"parent":0,"menu_order":0,"comment_status":"open","ping_status":"closed","template":"page-templates\/full-width.php","meta":{"_bbp_topic_count":0,"_bbp_reply_count":0,"_bbp_total_topic_count":0,"_bbp_total_reply_count":0,"_bbp_voice_count":0,"_bbp_anonymous_reply_count":0,"_bbp_topic_count_hidden":0,"_bbp_reply_count_hidden":0,"_bbp_forum_subforum_count":0,"footnotes":""},"class_list":["post-1198","page","type-page","status-publish"],"_links":{"self":[{"href":"https:\/\/www.notariosyregistradores.com\/web\/wp-json\/wp\/v2\/pages\/1198","targetHints":{"allow":["GET"]}}],"collection":[{"href":"https:\/\/www.notariosyregistradores.com\/web\/wp-json\/wp\/v2\/pages"}],"about":[{"href":"https:\/\/www.notariosyregistradores.com\/web\/wp-json\/wp\/v2\/types\/page"}],"author":[{"embeddable":true,"href":"https:\/\/www.notariosyregistradores.com\/web\/wp-json\/wp\/v2\/users\/10"}],"replies":[{"embeddable":true,"href":"https:\/\/www.notariosyregistradores.com\/web\/wp-json\/wp\/v2\/comments?post=1198"}],"version-history":[{"count":0,"href":"https:\/\/www.notariosyregistradores.com\/web\/wp-json\/wp\/v2\/pages\/1198\/revisions"}],"wp:attachment":[{"href":"https:\/\/www.notariosyregistradores.com\/web\/wp-json\/wp\/v2\/media?parent=1198"}],"curies":[{"name":"wp","href":"https:\/\/api.w.org\/{rel}","templated":true}]}}