{"id":1412,"date":"2015-01-28T17:04:53","date_gmt":"2015-01-28T16:04:53","guid":{"rendered":"http:\/\/www.notariosyregistradores.com\/web\/?page_id=1412"},"modified":"2023-11-11T18:02:49","modified_gmt":"2023-11-11T17:02:49","slug":"reportar-incidencia","status":"publish","type":"page","link":"https:\/\/www.notariosyregistradores.com\/web\/reportar-incidencia\/","title":{"rendered":"Reportar Incidencia"},"content":{"rendered":"<p>Estimado usuario,<\/p>\n<p>Todo el equipo editorial y de desarrollo de la web <strong><span style=\"color: #3366ff;\">www.NotariosyRegistradores.com<\/span><\/strong> estamos comprometidos con el buen funcionamiento de la p\u00e1gina y nos esforzamos para que as\u00ed sea. No obstante, <strong>si detecta cualquier incidencia o tiene alguna sugerencia, no dude en informarnos dejando un comentario en el apartado<\/strong> \u00ab<span style=\"color: #3366ff;\"><strong>Nuestros lectores opinan<\/strong><\/span>\u00ab.<\/p>\n<p>Si lo prefiere, tambi\u00e9n puede enviarnos sus comentario por correo electr\u00f3nico a la direcci\u00f3n <a title=\"Reportar Incidencia en la Web\" href=\"mailto:incidencias@notariosyregistradores.com?subject=Incidencia Web NotariosyRegistradores.com\" target=\"_blank\" rel=\"noopener\">incidencias@notariosyregistradores.com<\/a> o a <a href=\"mailto:notyreg@notariosyregistradores.com?subject=Incidencia%20Web NotariosyRegistradores.com\" target=\"_blank\" rel=\"noopener\">notyreg@notariosyregistradores.org<\/a><\/p>\n<p>&nbsp;<\/p>\n<p>Agradeciendo su participaci\u00f3n, confiamos en que la web le siga resultando \u00fatil y atractiva.<\/p>\n","protected":false},"excerpt":{"rendered":"<p>Estimado usuario, Todo el equipo editorial y de desarrollo de la web www.NotariosyRegistradores.com estamos comprometidos con el buen funcionamiento de la p\u00e1gina y nos esforzamos para que as\u00ed sea. No obstante, si detecta cualquier incidencia o tiene alguna sugerencia, no dude en informarnos dejando un comentario en el apartado \u00abNuestros lectores opinan\u00ab. Si lo prefiere, [&hellip;]<\/p>\n","protected":false},"author":10,"featured_media":0,"parent":0,"menu_order":0,"comment_status":"open","ping_status":"closed","template":"","meta":{"_bbp_topic_count":0,"_bbp_reply_count":0,"_bbp_total_topic_count":0,"_bbp_total_reply_count":0,"_bbp_voice_count":0,"_bbp_anonymous_reply_count":0,"_bbp_topic_count_hidden":0,"_bbp_reply_count_hidden":0,"_bbp_forum_subforum_count":0,"footnotes":""},"class_list":["post-1412","page","type-page","status-publish"],"_links":{"self":[{"href":"https:\/\/www.notariosyregistradores.com\/web\/wp-json\/wp\/v2\/pages\/1412","targetHints":{"allow":["GET"]}}],"collection":[{"href":"https:\/\/www.notariosyregistradores.com\/web\/wp-json\/wp\/v2\/pages"}],"about":[{"href":"https:\/\/www.notariosyregistradores.com\/web\/wp-json\/wp\/v2\/types\/page"}],"author":[{"embeddable":true,"href":"https:\/\/www.notariosyregistradores.com\/web\/wp-json\/wp\/v2\/users\/10"}],"replies":[{"embeddable":true,"href":"https:\/\/www.notariosyregistradores.com\/web\/wp-json\/wp\/v2\/comments?post=1412"}],"version-history":[{"count":2,"href":"https:\/\/www.notariosyregistradores.com\/web\/wp-json\/wp\/v2\/pages\/1412\/revisions"}],"predecessor-version":[{"id":110790,"href":"https:\/\/www.notariosyregistradores.com\/web\/wp-json\/wp\/v2\/pages\/1412\/revisions\/110790"}],"wp:attachment":[{"href":"https:\/\/www.notariosyregistradores.com\/web\/wp-json\/wp\/v2\/media?parent=1412"}],"curies":[{"name":"wp","href":"https:\/\/api.w.org\/{rel}","templated":true}]}}