{"id":15826,"date":"2016-02-13T02:36:13","date_gmt":"2016-02-13T01:36:13","guid":{"rendered":"http:\/\/www.notariosyregistradores.com\/web\/register\/"},"modified":"2019-05-20T10:11:49","modified_gmt":"2019-05-20T08:11:49","slug":"register","status":"publish","type":"page","link":"https:\/\/www.notariosyregistradores.com\/web\/register\/","title":{"rendered":"Registrarse"},"content":{"rendered":"<div class=\"tml tml-login\">\n<div class=\"tml-alerts\"><\/div><form name=\"login\" action=\"https:\/\/www.notariosyregistradores.com\/web\/login\/\" method=\"post\">\n<div class=\"tml-field-wrap tml-log-wrap\">\n<label class=\"tml-label\" for=\"user_login\">Nombre de usuario o correo electr\u00f3nico<\/label>\n<input name=\"log\" type=\"text\" value=\"\" id=\"user_login\" autocapitalize=\"off\" class=\"tml-field\">\n<\/div>\n\n<div class=\"tml-field-wrap tml-pwd-wrap\">\n<label class=\"tml-label\" for=\"user_pass\">Contrase\u00f1a<\/label>\n<input name=\"pwd\" type=\"password\" value=\"\" id=\"user_pass\" class=\"tml-field\">\n<\/div>\n\n\t\t\t\t<style type=\"text\/css\" media=\"screen\">\n\t\t\t\t\t.login-action-login #loginform,\n\t\t\t\t\t.login-action-lostpassword #lostpasswordform,\n\t\t\t\t\t.login-action-register #registerform {\n\t\t\t\t\t\twidth: 302px !important;\n\t\t\t\t\t}\n\t\t\t\t\t#login_error,\n\t\t\t\t\t.message {\n\t\t\t\t\t\twidth: 322px !important;\n\t\t\t\t\t}\n\t\t\t\t\t.login-action-login #loginform .gglcptch,\n\t\t\t\t\t.login-action-lostpassword #lostpasswordform .gglcptch,\n\t\t\t\t\t.login-action-register #registerform .gglcptch {\n\t\t\t\t\t\tmargin-bottom: 10px;\n\t\t\t\t\t}\n\t\t\t\t<\/style>\n\t\t\t\t<div class=\"gglcptch gglcptch_v2\"><div id=\"gglcptch_recaptcha_140150745\" class=\"gglcptch_recaptcha\"><\/div>\n\t\t\t\t<noscript>\n\t\t\t\t\t<div style=\"width: 302px;\">\n\t\t\t\t\t\t<div style=\"width: 302px; height: 422px; position: relative;\">\n\t\t\t\t\t\t\t<div style=\"width: 302px; height: 422px; position: absolute;\">\n\t\t\t\t\t\t\t\t<iframe src=\"https:\/\/www.google.com\/recaptcha\/api\/fallback?k=6LctK4gUAAAAAHsGcp_txKhJoTQ-dJzaVWc8qm4B\" frameborder=\"0\" scrolling=\"no\" style=\"width: 302px; height:422px; border-style: none;\"><\/iframe>\n\t\t\t\t\t\t\t<\/div>\n\t\t\t\t\t\t<\/div>\n\t\t\t\t\t\t<div style=\"border-style: none; bottom: 12px; left: 25px; margin: 0px; padding: 0px; right: 25px; background: #f9f9f9; border: 1px solid #c1c1c1; border-radius: 3px; height: 60px; width: 300px;\">\n\t\t\t\t\t\t\t<input type=\"hidden\" id=\"g-recaptcha-response\" name=\"g-recaptcha-response\" class=\"g-recaptcha-response\" style=\"width: 250px !important; height: 40px !important; border: 1px solid #c1c1c1 !important; margin: 10px 25px !important; padding: 0px !important; resize: none !important;\">\n\t\t\t\t\t\t<\/div>\n\t\t\t\t\t<\/div>\n\t\t\t\t<\/noscript><\/div>\n<div class=\"tml-field-wrap tml-rememberme-wrap\">\n<input name=\"rememberme\" type=\"checkbox\" value=\"forever\" id=\"rememberme\" class=\"tml-checkbox\">\n<label class=\"tml-label\" for=\"rememberme\">Recu\u00e9rdame<\/label>\n<\/div>\n\n<div class=\"tml-field-wrap tml-submit-wrap\">\n<button name=\"submit\" type=\"submit\" class=\"tml-button\">Acceder<\/button>\n<\/div>\n\n<input name=\"redirect_to\" type=\"hidden\" value=\"https:\/\/www.notariosyregistradores.com\/web\/wp-admin\/\">\n\n<\/form>\n<ul class=\"tml-links\"><li class=\"tml-register-link\"><a href=\"https:\/\/www.notariosyregistradores.com\/web\/register\/\">Registro<\/a><\/li><li class=\"tml-lostpassword-link\"><a href=\"https:\/\/www.notariosyregistradores.com\/web\/lostpassword\/\">\u00bfHas olvidado tu contrase\u00f1a?<\/a><\/li><\/ul><\/div>\n\n<ul>\n<li>Una vez env\u00ede este formulario pinchando en el bot\u00f3n \u00abregistrarse\u00bb de m\u00e1s abajo, le llegar\u00e1 un correo electr\u00f3nico para que establezca su contrase\u00f1a y complete el registro (recurde revisar su carpeta spam).<\/li>\n<li>El hecho de enviar este formulario y registrase en nuestra web implica la aceptaci\u00f3n de nuestra <a href=\"\/web\/politica-de-privacidad\/\" target=\"_blank\" rel=\"noopener noreferrer\">pol\u00edtica de privacidad<\/a>. M\u00e1s informaci\u00f3n a continuaci\u00f3n.<\/li>\n<\/ul>\n<p><strong>Informaci\u00f3n sobre el tratamiento de sus datos personales de acuerdo con lo establecido en el Reglamento (UE) 2016\/679, de 27 de abril, (RGPD) y en la L.O. 3\/2018, de 5 de diciembre, de protecci\u00f3n de datos y garant\u00eda de los derechos digitales (LOPDGDD) <\/strong><br \/>\n\u00a0<\/p>\n<p><strong>Responsable:<\/strong>\u00a0NOTYREG HISPANIA, S.L.<br \/>\n<strong>Finalidad:<\/strong>\u00a0Mantenerle informado sobre novedades de su sector.<br \/>\n<strong>Legitimaci\u00f3n:<\/strong>\u00a0Consentimiento de la persona interesada o inter\u00e9s leg\u00edtimo.<br \/>\n<strong>Destinatarios:<\/strong>\u00a0Sus datos no van a ser cedidos a terceros, salvo que exista una obligaci\u00f3n legal.<br \/>\n<strong>Derechos:<\/strong>\u00a0Tiene derecho a acceder, rectificar, oponerse y suprimir sus datos, as\u00ed como a la limitaci\u00f3n y portabilidad de sus datos, dirigiendo comunicaci\u00f3n, motivada y acreditada, a postmaster@notariosyregistradores.com<br \/>\n<strong>Informaci\u00f3n adicional:<\/strong> Puede consultar esta informaci\u00f3n m\u00e1s detallada y otra informaci\u00f3n adicional en nuestra pol\u00edtica de privacidad: https:\/\/www.notariosyregistradores.com\/web\/politica-de-privacidad\/<\/p>\n","protected":false},"excerpt":{"rendered":"<p>Una vez env\u00ede este formulario pinchando en el bot\u00f3n \u00abregistrarse\u00bb de m\u00e1s abajo, le llegar\u00e1 un correo electr\u00f3nico para que establezca su contrase\u00f1a y complete el registro (recurde revisar su carpeta spam). El hecho de enviar este formulario y registrase en nuestra web implica la aceptaci\u00f3n de nuestra pol\u00edtica de privacidad. M\u00e1s informaci\u00f3n a continuaci\u00f3n. [&hellip;]<\/p>\n","protected":false},"author":1,"featured_media":0,"parent":0,"menu_order":0,"comment_status":"closed","ping_status":"closed","template":"page-templates\/full-width.php","meta":{"_bbp_topic_count":0,"_bbp_reply_count":0,"_bbp_total_topic_count":0,"_bbp_total_reply_count":0,"_bbp_voice_count":0,"_bbp_anonymous_reply_count":0,"_bbp_topic_count_hidden":0,"_bbp_reply_count_hidden":0,"_bbp_forum_subforum_count":0,"footnotes":""},"class_list":["post-15826","page","type-page","status-publish"],"_links":{"self":[{"href":"https:\/\/www.notariosyregistradores.com\/web\/wp-json\/wp\/v2\/pages\/15826","targetHints":{"allow":["GET"]}}],"collection":[{"href":"https:\/\/www.notariosyregistradores.com\/web\/wp-json\/wp\/v2\/pages"}],"about":[{"href":"https:\/\/www.notariosyregistradores.com\/web\/wp-json\/wp\/v2\/types\/page"}],"author":[{"embeddable":true,"href":"https:\/\/www.notariosyregistradores.com\/web\/wp-json\/wp\/v2\/users\/1"}],"replies":[{"embeddable":true,"href":"https:\/\/www.notariosyregistradores.com\/web\/wp-json\/wp\/v2\/comments?post=15826"}],"version-history":[{"count":0,"href":"https:\/\/www.notariosyregistradores.com\/web\/wp-json\/wp\/v2\/pages\/15826\/revisions"}],"wp:attachment":[{"href":"https:\/\/www.notariosyregistradores.com\/web\/wp-json\/wp\/v2\/media?parent=15826"}],"curies":[{"name":"wp","href":"https:\/\/api.w.org\/{rel}","templated":true}]}}