{"id":22139,"date":"2016-04-16T00:43:25","date_gmt":"2016-04-15T22:43:25","guid":{"rendered":"http:\/\/www.notariosyregistradores.com\/web\/?page_id=22139"},"modified":"2016-04-22T00:43:21","modified_gmt":"2016-04-21T22:43:21","slug":"fs","status":"publish","type":"page","link":"https:\/\/www.notariosyregistradores.com\/web\/fs\/","title":{"rendered":"Francisco Sena"},"content":{"rendered":"<header class=\"archive-header\">\n<table class=\" alignright\">\n<tbody>\n<tr>\n<td style=\"text-align: center; vertical-align: middle;\">\n<p><img loading=\"lazy\" decoding=\"async\" class=\"size-medium wp-image-15298\" src=\"https:\/\/www.notariosyregistradores.com\/web\/wp-content\/uploads\/2016\/02\/Francisco_Sena_cuadro-229x300.jpg\" alt=\"Francisco Sena Fern\u00e1ndez, autor del Diccionario de Jurisprudencia Registral.\" width=\"229\" height=\"300\" srcset=\"https:\/\/www.notariosyregistradores.com\/web\/wp-content\/uploads\/2016\/02\/Francisco_Sena_cuadro-229x300.jpg 229w, https:\/\/www.notariosyregistradores.com\/web\/wp-content\/uploads\/2016\/02\/Francisco_Sena_cuadro-500x656.jpg 500w, https:\/\/www.notariosyregistradores.com\/web\/wp-content\/uploads\/2016\/02\/Francisco_Sena_cuadro.jpg 732w\" sizes=\"auto, (max-width: 229px) 100vw, 229px\" \/><\/p>\n<\/td>\n<td style=\"text-align: center; vertical-align: middle;\">\n<h2><span style=\"font-size: 18pt; color: #000080;\"><strong>DICCIONARIO DE<\/strong><\/span><\/h2>\n<h2><span style=\"font-size: 18pt; color: #000080;\"><strong>JURISPRUDENCIA REGISTRAL<\/strong><\/span><\/h2>\n<p><span style=\"color: #000080;\"><strong>-oOo-<\/strong><\/span><\/p>\n<h2><span style=\"font-size: 18pt; color: #000080;\"><strong>FRANCISCO SENA FERN\u00c1NDEZ<\/strong><\/span><\/h2>\n<\/td>\n<\/tr>\n<\/tbody>\n<\/table>\n<h1 style=\"text-align: center;\"><span style=\"font-size: 18pt; color: #000080;\">\u00c9STA ES LA P\u00c1GINA PRINCIPAL DEL\u00a0DICCIONARIO<\/span><\/h1>\n<h2 style=\"text-align: center;\"><span style=\"font-size: 18pt;\"><a href=\"https:\/\/www.notariosyregistradores.com\/web\/category\/resoluciones\/francisco-sena\/propiedad-francisco-sena\/\">RESOLUCIONES PROPIEDAD (Letras A &#8211; E)<\/a><\/span><\/h2>\n<h2 style=\"text-align: center;\"><span style=\"font-size: 18pt;\"><a href=\"https:\/\/www.notariosyregistradores.com\/web\/category\/resoluciones\/francisco-sena\/propiedad-2\/\">RESOLUCIONES PROPIEDAD (Letras F &#8211; Z)<\/a><\/span><\/h2>\n<h2 style=\"text-align: center;\"><span style=\"font-size: 18pt;\"><strong><a href=\"https:\/\/www.notariosyregistradores.com\/web\/category\/resoluciones\/francisco-sena\/mercantil-francisco-sena\/\">RESOLUCIONES MERCANTIL<\/a><\/strong><\/span><\/h2>\n<h2 style=\"text-align: center;\"><span style=\"font-size: 18pt;\"><strong><a href=\"https:\/\/www.notariosyregistradores.com\/web\/category\/resoluciones\/francisco-sena\/muebles\/\">RESOLUCIONES BIENES MUEBLES, HIPOTECA MOBILIARIA Y PSD<\/a><\/strong><\/span><\/h2>\n<h2 style=\"text-align: center;\"><span style=\"font-size: 18pt;\"><a href=\"https:\/\/www.notariosyregistradores.com\/web\/category\/resoluciones\/francisco-sena\/cronologico\/\">B\u00daSQUEDA ASISTIDA EN EL BOE Y CRONOLOG\u00cdA<\/a><\/span><\/h2>\n<h2 style=\"text-align: center;\"><span style=\"font-size: 18pt;\"><a href=\"https:\/\/www.notariosyregistradores.com\/web\/resoluciones\/presentacion-del-diccionario-de-jurisprudencia-registral-de-francisco-sena-fernandez\/\">PRESENTACI\u00d3N<\/a><\/span><\/h2>\n<\/header>\n<header class=\"archive-header\">\n<p style=\"text-align: justify;\"><span style=\"font-size: 12pt;\">Francisco Sena Fern\u00e1ndez, durante toda su carrera como registrador, ha ido elaborando <strong>res\u00famenes de las resoluciones<\/strong> de la Direcci\u00f3n General de los Registros y el Notariado, no s\u00f3lo de las contempor\u00e1neas con su resumen, sino que avanz\u00f3 hacia atr\u00e1s en el tiempo <strong>hasta llegar a 1930<\/strong>.<\/span><\/p>\n<p style=\"text-align: justify;\"><span style=\"font-size: 12pt;\">El diccionario tiene <strong>cuatro ramas principales:<\/strong><\/span><\/p>\n<p style=\"text-align: justify;\"><span style=\"font-size: 12pt;\">&#8211; las resoluciones de <strong>Propiedad<\/strong> (por su extensi\u00f3n esta rama <strong>se divide en dos<\/strong>)<\/span><\/p>\n<p style=\"text-align: justify;\"><span style=\"font-size: 12pt;\">&#8211; las resoluciones de <strong>Mercantil<\/strong><\/span><\/p>\n<p style=\"text-align: justify;\"><span style=\"font-size: 12pt;\">&#8211; las resoluciones del Registro de Bienes <strong>Muebles<\/strong> y las de hipoteca mobiliaria y prenda sin desplazamiento<\/span><\/p>\n<p style=\"text-align: justify;\"><span style=\"font-size: 12pt;\">&#8211; Archivos con <strong><a href=\"https:\/\/www.notariosyregistradores.com\/web\/category\/resoluciones\/francisco-sena\/cronologico\/\">tablas cronol\u00f3gicas<\/a><\/strong>\u00a0donde se ha implementado una aplicaci\u00f3n que facilita su <strong>b\u00fasqueda en el BOE<\/strong>, lo que es especialmente \u00fatil para las antiguas.\u00a0<\/span><\/p>\n<p style=\"text-align: justify;\"><span style=\"font-size: 12pt;\">Desde cada una de estas ramas o secciones, se podr\u00e1 acceder a las <strong>voces principales o subsecciones <\/strong>o directamente a los <strong>art\u00edculos finales<\/strong>.<\/span><\/p>\n<p style=\"text-align: justify;\"><span style=\"font-size: 12pt;\">\u00a0<\/span><\/p>\n<p style=\"text-align: justify;\"><span style=\"font-size: 12pt;\">El\u00a0Diccionario de Jurisprudencia Registral &#8211; y concretamente esta Portada -es\u00a0accesible desde el <strong>Men\u00fa Principal, <\/strong>situado en la l\u00ednea horizontal de cabecera, voz<strong> RESOLUCIONES &#8211; Francisco Sena<\/strong>.<\/span><\/p>\n<p style=\"text-align: justify;\"><span style=\"font-size: 12pt;\">Tambi\u00e9n es accesible desde la <strong>P\u00e1gina Principal &#8211; Columna Izquierda &#8211; Resoluciones.<\/strong><\/span><\/p>\n<p style=\"text-align: justify;\">\u00a0<\/p>\n<h1 style=\"text-align: justify;\">Otros libros del autor:<\/h1>\n<table class=\" alignright\" cellspacing=\"50\">\n<tbody>\n<tr>\n<td style=\"text-align: center; vertical-align: middle;\"><a href=\"https:\/\/www.notariosyregistradores.com\/web\/esta-web\/rincon-literario\/francisco-sena-hace-setenta-anos\/\"><img loading=\"lazy\" decoding=\"async\" id=\"__wp-temp-img-id\" title=\"\" src=\"https:\/\/www.notariosyregistradores.com\/web\/wp-content\/uploads\/2016\/04\/hace-setenta-anos-e1460833873906.jpg\" alt=\"\" width=\"357\" height=\"500\" \/><\/a><\/td>\n<td style=\"text-align: center; vertical-align: middle;\"><a href=\"https:\/\/www.notariosyregistradores.com\/doctrina\/RECENSIONES\/2012-conoce-el-registro-de-la-propiedad.htm\"><img loading=\"lazy\" decoding=\"async\" id=\"__wp-temp-img-id\" title=\"\" src=\"https:\/\/www.notariosyregistradores.com\/web\/wp-content\/uploads\/2016\/04\/francisco-sena-conoce-registro-e1460833729320.jpg\" alt=\"\" width=\"323\" height=\"499\" \/><\/a><\/td>\n<\/tr>\n<tr>\n<td colspan=\"2\"><strong><em>PINCHAR SOBRE LAS IM\u00c1GENES<\/em><\/strong><\/td>\n<\/tr>\n<\/tbody>\n<\/table>\n<\/header>\n","protected":false},"excerpt":{"rendered":"<p>DICCIONARIO DE JURISPRUDENCIA REGISTRAL -oOo- FRANCISCO SENA FERN\u00c1NDEZ \u00c9STA ES LA P\u00c1GINA PRINCIPAL DEL\u00a0DICCIONARIO RESOLUCIONES PROPIEDAD (Letras A &#8211; E) RESOLUCIONES PROPIEDAD (Letras F &#8211; Z) RESOLUCIONES MERCANTIL RESOLUCIONES BIENES MUEBLES, HIPOTECA MOBILIARIA Y PSD B\u00daSQUEDA ASISTIDA EN EL BOE Y CRONOLOG\u00cdA PRESENTACI\u00d3N Francisco Sena Fern\u00e1ndez, durante toda su carrera como registrador, ha ido elaborando [&hellip;]<\/p>\n","protected":false},"author":10,"featured_media":0,"parent":0,"menu_order":0,"comment_status":"closed","ping_status":"closed","template":"page-templates\/full-width.php","meta":{"_bbp_topic_count":0,"_bbp_reply_count":0,"_bbp_total_topic_count":0,"_bbp_total_reply_count":0,"_bbp_voice_count":0,"_bbp_anonymous_reply_count":0,"_bbp_topic_count_hidden":0,"_bbp_reply_count_hidden":0,"_bbp_forum_subforum_count":0,"footnotes":""},"class_list":["post-22139","page","type-page","status-publish"],"_links":{"self":[{"href":"https:\/\/www.notariosyregistradores.com\/web\/wp-json\/wp\/v2\/pages\/22139","targetHints":{"allow":["GET"]}}],"collection":[{"href":"https:\/\/www.notariosyregistradores.com\/web\/wp-json\/wp\/v2\/pages"}],"about":[{"href":"https:\/\/www.notariosyregistradores.com\/web\/wp-json\/wp\/v2\/types\/page"}],"author":[{"embeddable":true,"href":"https:\/\/www.notariosyregistradores.com\/web\/wp-json\/wp\/v2\/users\/10"}],"replies":[{"embeddable":true,"href":"https:\/\/www.notariosyregistradores.com\/web\/wp-json\/wp\/v2\/comments?post=22139"}],"version-history":[{"count":0,"href":"https:\/\/www.notariosyregistradores.com\/web\/wp-json\/wp\/v2\/pages\/22139\/revisions"}],"wp:attachment":[{"href":"https:\/\/www.notariosyregistradores.com\/web\/wp-json\/wp\/v2\/media?parent=22139"}],"curies":[{"name":"wp","href":"https:\/\/api.w.org\/{rel}","templated":true}]}}