{"id":59860,"date":"2019-05-20T09:58:12","date_gmt":"2019-05-20T07:58:12","guid":{"rendered":"https:\/\/www.notariosyregistradores.com\/web\/?page_id=59860"},"modified":"2022-10-04T14:26:40","modified_gmt":"2022-10-04T12:26:40","slug":"cookies","status":"publish","type":"page","link":"https:\/\/www.notariosyregistradores.com\/web\/cookies\/","title":{"rendered":"Cookies"},"content":{"rendered":"<div class=\"row\">\n<h1 style=\"text-align: center;\"><span style=\"font-size: 36pt; color: #00ccff;\"><strong><span style=\"color: #3366ff;\">Cookies<br \/>\n<\/span><\/strong><\/span><\/h1>\n<\/div>\n<div class=\"row\">\n<div id=\"center_column\" class=\"center_column col-xs-12 col-sm-12\">\n<h1 class=\"rte\"><a href=\"http:\/\/dev.h2321514.stratoserver.net\/web\/wp-content\/uploads\/2014\/12\/logo-nyr.jpg\"><img loading=\"lazy\" decoding=\"async\" class=\"alignleft wp-image-854 size-medium\" src=\"https:\/\/www.notariosyregistradores.com\/web\/wp-content\/uploads\/2014\/12\/logo-nyr-300x255.jpg\" alt=\"Logo NyR\" width=\"300\" height=\"255\" srcset=\"https:\/\/www.notariosyregistradores.com\/web\/wp-content\/uploads\/2014\/12\/logo-nyr-300x255.jpg 300w, https:\/\/www.notariosyregistradores.com\/web\/wp-content\/uploads\/2014\/12\/logo-nyr-1024x872.jpg 1024w, https:\/\/www.notariosyregistradores.com\/web\/wp-content\/uploads\/2014\/12\/logo-nyr-500x425.jpg 500w, https:\/\/www.notariosyregistradores.com\/web\/wp-content\/uploads\/2014\/12\/logo-nyr.jpg 1885w\" sizes=\"auto, (max-width: 300px) 100vw, 300px\" \/><\/a><\/h1>\n<p>&nbsp;<\/p>\n<p>&nbsp;<\/p>\n<\/div>\n<\/div>\n<div class=\"col-lg-8 col-md-6 col-sm-12 wow bounceInUp\" data-wow-delay=\"1s\">\n<p>Las cookies son peque\u00f1as cantidades de informaci\u00f3n que se almacenan en el navegador utilizado por cada usuario para que el servidor recuerde cierta informaci\u00f3n que posteriormente pueda utilizar.<\/p>\n<p><\/p>\n<h3 style=\"color: #00ccff;\">TIPOS DE COOKIES QUE UTILIZAMOS<\/h3>\n<p>Esta p\u00e1gina web utiliza cookies de terceros que son aquellas que se env\u00edan a tu ordenador o terminal desde un dominio o una p\u00e1gina web que no es gestionada por nosotros, sino por otra entidad que trata los datos obtenidos a trav\u00e9s de las cookies.<\/p>\n<p>En este caso las Cookies son utilizadas con fines estad\u00edsticos relacionados con las visitas que recibe y las p\u00e1ginas que se consultan, quedando aceptado su uso al navegar por ella.<\/p>\n<table class=\"cookie_table\" style=\"border: 1px solid #000000; font-size: 12px; width: 99.84%;\" width=\"100%\" cellspacing=\"0\">\n<tbody>\n<tr style=\"border: 1px solid #000000;\" align=\"left\">\n<th style=\"width: 21.44%;\">Cookie<br \/>\n(y proveedor)<\/th>\n<th style=\"width: 18.56%;\">Duraci\u00f3n<\/th>\n<th style=\"width: 59.84%;\">Descripci\u00f3n<\/th>\n<\/tr>\n<tr style=\"border: 1px solid #000000;\" align=\"left\">\n<td style=\"width: 21.44%;\">__cfduid (notin.es)<\/td>\n<td style=\"width: 18.56%;\">Sesi\u00f3n<\/td>\n<td style=\"width: 59.84%;\">Publicidad de Notin<\/td>\n<\/tr>\n<tr style=\"border: 1px solid #000000;\" align=\"left\">\n<td style=\"width: 21.44%;\">personalization_id (twitter.com)<\/td>\n<td style=\"width: 18.56%;\">Sesi\u00f3n<\/td>\n<td style=\"width: 59.84%;\">Twitter<\/td>\n<\/tr>\n<tr style=\"border: 1px solid #000000;\" align=\"left\">\n<td style=\"width: 21.44%;\">Facebook<\/td>\n<td style=\"width: 18.56%;\">Publicidad, estad\u00edsticas y mediciones<\/td>\n<td style=\"width: 59.84%;\">Coloca Cookies en el ordenador o dispositivo y recibe la informaci\u00f3n almacenada en ellas cuando utilizas o visitas servicios prestados por otras empresas que utilizan los servicios de Facebook.<\/td>\n<\/tr>\n<tr align=\"left\">\n<td style=\"width: 21.44%;\">_ga (Google)<\/td>\n<td style=\"width: 18.56%;\">2 a\u00f1os<\/td>\n<td style=\"width: 59.84%;\">Se usa para distinguir a los usuarios.<\/td>\n<\/tr>\n<tr align=\"left\">\n<td style=\"width: 21.44%;\">_gid (Google)<\/td>\n<td style=\"width: 18.56%;\">24 horas<\/td>\n<td style=\"width: 59.84%;\">Se usa para distinguir a los usuarios.<\/td>\n<\/tr>\n<tr style=\"border: 1px solid #000000;\" align=\"left\">\n<td style=\"width: 21.44%;\">_gat (Google)<\/td>\n<td style=\"width: 18.56%;\">1\u00a0minuto<\/td>\n<td style=\"width: 59.84%;\">Se usa para limitar el porcentaje de solicitudes. Si has implementado Google Analytics mediante Google\u00a0Tag\u00a0Manager, esta cookie se llamar\u00e1 _dc_gtm_&lt;property-id&gt;.<\/td>\n<\/tr>\n<tr style=\"border: 1px solid #000000;\" align=\"left\">\n<td style=\"width: 21.44%;\">_gali (Google)<\/td>\n<td style=\"width: 18.56%;\">30s<\/td>\n<td style=\"width: 59.84%;\">Atribuci\u00f3n de enlace mejorada.<\/td>\n<\/tr>\n<tr style=\"border: 1px solid #000000;\" align=\"left\">\n<td style=\"width: 21.44%;\">_unam (SHARETHIS)<\/td>\n<td style=\"width: 18.56%;\">Persistente<\/td>\n<td style=\"width: 59.84%;\">Su finalidad es cuantificar el n\u00famero de Usuarios que comparten un determinado contenido y cu\u00e1ntas p\u00e1ginas web son visitadas a ra\u00edz de esa acci\u00f3n.<\/td>\n<\/tr>\n<tr>\n<td style=\"width: 21.44%;\">WordPress<\/td>\n<td style=\"width: 18.56%;\">2 a\u00f1os<\/td>\n<td style=\"width: 59.84%;\">Utilizado para el correcto funcionamiento del gestor de contenido WordPress.<\/td>\n<\/tr>\n<\/tbody>\n<\/table>\n<p><\/p>\n<p>Si desea m\u00e1s informaci\u00f3n m\u00e1s sobre los tipos de cookies de seguimiento y an\u00e1lisis de datos de Google <a style=\"color: #00ccff;\" title=\"ver todas las cookies de goolge\" href=\"https:\/\/www.google.com\/intl\/es_es\/policies\/technologies\/types\/\"> haga clic aqu\u00ed<\/a>.<\/p>\n<p>Para informarse sobre c\u00f3mo eliminar las cookies de su explorador:<\/p>\n<ul>\n<li><a style=\"color: #00ccff;\" title=\"Deshabilitar cookies en Firefox\" href=\"https:\/\/support.mozilla.org\/es\/kb\/habilitar-y-deshabilitar-cookies-sitios-web-rastrear-preferencias\">Puedes obtener m\u00e1s informaci\u00f3n sobre el navegador Firefox desde aqu\u00ed.<\/a><\/li>\n<li><a style=\"color: #00ccff;\" title=\"Deshabilitar cookies en Chrome\" href=\"https:\/\/support.google.com\/chrome\/answer\/95647?hl=es\">Puedes obtener m\u00e1s informaci\u00f3n sobre el navegador Chrome desde aqu\u00ed.<\/a><\/li>\n<li><a style=\"color: #00ccff;\" href=\"https:\/\/support.microsoft.com\/es-es\/help\/17442\/windows-internet-explorer-delete-manage-cookies\">Puedes obtener m\u00e1s informaci\u00f3n sobre el navegador Internet Explorer desde aqu\u00ed.<\/a><\/li>\n<li><a style=\"color: #00ccff;\" href=\"https:\/\/support.apple.com\/kb\/PH19214?viewlocale=es_ES&amp;locale=es_ES\">Puedes obtener m\u00e1s informaci\u00f3n sobre el navegador Safari desde aqu\u00ed.<\/a><\/li>\n<\/ul>\n<\/div>\n","protected":false},"excerpt":{"rendered":"<p>Cookies &nbsp; &nbsp; Las cookies son peque\u00f1as cantidades de informaci\u00f3n que se almacenan en el navegador utilizado por cada usuario para que el servidor recuerde cierta informaci\u00f3n que posteriormente pueda utilizar. TIPOS DE COOKIES QUE UTILIZAMOS Esta p\u00e1gina web utiliza cookies de terceros que son aquellas que se env\u00edan a tu ordenador o terminal desde [&hellip;]<\/p>\n","protected":false},"author":8,"featured_media":0,"parent":0,"menu_order":0,"comment_status":"closed","ping_status":"closed","template":"","meta":{"_bbp_topic_count":0,"_bbp_reply_count":0,"_bbp_total_topic_count":0,"_bbp_total_reply_count":0,"_bbp_voice_count":0,"_bbp_anonymous_reply_count":0,"_bbp_topic_count_hidden":0,"_bbp_reply_count_hidden":0,"_bbp_forum_subforum_count":0,"footnotes":""},"class_list":["post-59860","page","type-page","status-publish"],"_links":{"self":[{"href":"https:\/\/www.notariosyregistradores.com\/web\/wp-json\/wp\/v2\/pages\/59860","targetHints":{"allow":["GET"]}}],"collection":[{"href":"https:\/\/www.notariosyregistradores.com\/web\/wp-json\/wp\/v2\/pages"}],"about":[{"href":"https:\/\/www.notariosyregistradores.com\/web\/wp-json\/wp\/v2\/types\/page"}],"author":[{"embeddable":true,"href":"https:\/\/www.notariosyregistradores.com\/web\/wp-json\/wp\/v2\/users\/8"}],"replies":[{"embeddable":true,"href":"https:\/\/www.notariosyregistradores.com\/web\/wp-json\/wp\/v2\/comments?post=59860"}],"version-history":[{"count":2,"href":"https:\/\/www.notariosyregistradores.com\/web\/wp-json\/wp\/v2\/pages\/59860\/revisions"}],"predecessor-version":[{"id":99072,"href":"https:\/\/www.notariosyregistradores.com\/web\/wp-json\/wp\/v2\/pages\/59860\/revisions\/99072"}],"wp:attachment":[{"href":"https:\/\/www.notariosyregistradores.com\/web\/wp-json\/wp\/v2\/media?parent=59860"}],"curies":[{"name":"wp","href":"https:\/\/api.w.org\/{rel}","templated":true}]}}